{"id":1226,"date":"2024-08-08T21:07:24","date_gmt":"2024-08-08T21:07:24","guid":{"rendered":"https:\/\/arturosport.local\/?page_id=1226"},"modified":"2024-08-08T21:26:28","modified_gmt":"2024-08-08T21:26:28","slug":"club-de-playa-nopolo","status":"publish","type":"page","link":"https:\/\/arturosport.com\/en\/club-de-playa-nopolo\/","title":{"rendered":"Beache Club Nopolo"},"content":{"rendered":"<div data-elementor-type=\"wp-page\" data-elementor-id=\"1226\" class=\"elementor elementor-1226\">\n\t\t\t\t<div class=\"elementor-element elementor-element-b85ac9e e-flex e-con-boxed e-con e-parent\" data-id=\"b85ac9e\" data-element_type=\"container\" data-e-type=\"container\" data-settings=\"{&quot;background_background&quot;:&quot;classic&quot;}\">\n\t\t\t\t\t<div class=\"e-con-inner\">\n\t\t<div class=\"elementor-element elementor-element-479c30d e-con-full e-flex e-con e-child\" data-id=\"479c30d\" data-element_type=\"container\" data-e-type=\"container\">\n\t\t\t\t<div class=\"elementor-element elementor-element-f4e6f01 elementor-widget elementor-widget-heading\" data-id=\"f4e6f01\" data-element_type=\"widget\" data-e-type=\"widget\" data-widget_type=\"heading.default\">\n\t\t\t\t<div class=\"elementor-widget-container\">\n\t\t\t\t\t<h2 class=\"elementor-heading-title elementor-size-default\">Beache Club Nopolo<\/h2>\t\t\t\t<\/div>\n\t\t\t\t<\/div>\n\t\t\t\t<\/div>\n\t\t\t\t\t<\/div>\n\t\t\t\t<\/div>\n\t\t<div class=\"elementor-element elementor-element-f98510e e-flex e-con-boxed e-con e-parent\" data-id=\"f98510e\" data-element_type=\"container\" data-e-type=\"container\">\n\t\t\t\t\t<div class=\"e-con-inner\">\n\t\t<div class=\"elementor-element elementor-element-57f9366 e-con-full e-flex e-con e-child\" data-id=\"57f9366\" data-element_type=\"container\" data-e-type=\"container\">\n\t\t\t\t<div class=\"elementor-element elementor-element-e25a1ac elementor-widget elementor-widget-image\" data-id=\"e25a1ac\" data-element_type=\"widget\" data-e-type=\"widget\" data-widget_type=\"image.default\">\n\t\t\t\t<div class=\"elementor-widget-container\">\n\t\t\t\t\t\t\t\t\t\t\t\t\t\t\t<img fetchpriority=\"high\" decoding=\"async\" width=\"640\" height=\"480\" src=\"https:\/\/arturosport.com\/wp-content\/uploads\/2024\/08\/service-16-1.jpg\" class=\"attachment-full size-full wp-image-1228\" alt=\"\" srcset=\"https:\/\/arturosport.com\/wp-content\/uploads\/2024\/08\/service-16-1.jpg 640w, https:\/\/arturosport.com\/wp-content\/uploads\/2024\/08\/service-16-1-300x225.jpg 300w, https:\/\/arturosport.com\/wp-content\/uploads\/2024\/08\/service-16-1-16x12.jpg 16w\" sizes=\"(max-width: 640px) 100vw, 640px\" \/>\t\t\t\t\t\t\t\t\t\t\t\t\t\t\t<\/div>\n\t\t\t\t<\/div>\n\t\t\t\t<div class=\"elementor-element elementor-element-308c354 elementor-widget elementor-widget-text-editor\" data-id=\"308c354\" data-element_type=\"widget\" data-e-type=\"widget\" data-widget_type=\"text-editor.default\">\n\t\t\t\t<div class=\"elementor-widget-container\">\n\t\t\t\t\t\t\t\t\t<h4>Beache Club Nopolo<\/h4><p>We have one of the most beautiful beach in the municipality, located in this residential area of \u00e2\u20ac\u2039\u00e2\u20ac\u2039Loreto Bay where you will find a point where you can do recreational activities aboard kayaks, paddle board and snorkel in the area and beach area with palapas and lounge chairs. Chocolata clam capture lessons, we carry out practices with snorkel equipment, how to locate them, select if it is appropriate for its size and to be evaluated later on, proceed with its capture, after they have concluded their class they enjoy the clams that you collected yourself without definitely a delight.<\/p>\t\t\t\t\t\t\t\t<\/div>\n\t\t\t\t<\/div>\n\t\t\t\t<div class=\"elementor-element elementor-element-b86a476 elementor-button-success elementor-widget elementor-widget-button\" data-id=\"b86a476\" data-element_type=\"widget\" data-e-type=\"widget\" data-widget_type=\"button.default\">\n\t\t\t\t<div class=\"elementor-widget-container\">\n\t\t\t\t\t\t\t\t\t<div class=\"elementor-button-wrapper\">\n\t\t\t\t\t<a class=\"elementor-button elementor-button-link elementor-size-sm\" href=\"https:\/\/arturosport.com\/en\/contact\/\">\n\t\t\t\t\t\t<span class=\"elementor-button-content-wrapper\">\n\t\t\t\t\t\t\t\t\t<span class=\"elementor-button-text\">Contactanos<\/span>\n\t\t\t\t\t<\/span>\n\t\t\t\t\t<\/a>\n\t\t\t\t<\/div>\n\t\t\t\t\t\t\t\t<\/div>\n\t\t\t\t<\/div>\n\t\t\t\t<\/div>\n\t\t<div class=\"elementor-element elementor-element-d4f55ef e-con-full e-flex e-con e-child\" data-id=\"d4f55ef\" data-element_type=\"container\" data-e-type=\"container\">\n\t\t\t\t<div class=\"elementor-element elementor-element-dbf1086 elementor-widget elementor-widget-text-editor\" data-id=\"dbf1086\" data-element_type=\"widget\" data-e-type=\"widget\" data-widget_type=\"text-editor.default\">\n\t\t\t\t<div class=\"elementor-widget-container\">\n\t\t\t\t\t\t\t\t\t<h4>Todos los Servicios<\/h4>\n\n<ul>\n \t<li><a href=\"https:\/\/arturosport.com\/en\/pesca-deportiva-2\/\" target=\"_blank\" rel=\"noopener\">Sport Fishing<\/a><\/li>\n \t<li><a href=\"https:\/\/arturosport.com\/en\/ballenas-azules-2\/\" rel=\"noopener\" target=\"_blank\">Blue Whale<\/a><\/li>\n \t<li><a href=\"https:\/\/arturosport.com\/en\/ballenas-azules\/\" rel=\"noopener\" target=\"_blank\">Glass Bottom Boat<\/a><\/li>\n \t<li><a href=\"https:\/\/arturosport.com\/en\/mamiferos-marinos-del-pnbl\/\" rel=\"noopener\" target=\"_blank\">Marine Mammals of the PNBL<\/a><\/li>\n \t<li><a href=\"https:\/\/arturosport.com\/en\/tours-a-las-islas\/\" rel=\"noopener\" target=\"_blank\">Island Tours<\/a><\/li>\n \t<li><a href=\"https:\/\/arturosport.com\/en\/recorridos-ecoturisticos\/\" rel=\"noopener\" target=\"_blank\">Recorridos Ecotur\u00edsticos<\/a><\/li>\n \t<li><a href=\"https:\/\/arturosport.com\/en\/paddle-board\/\" rel=\"noopener\" target=\"_blank\">Paddle Board &#8211; Tours y Renta<\/a><\/li>\n \t<li><a href=\"https:\/\/arturosport.com\/en\/club-de-playa-nopolo\/\" rel=\"noopener\" target=\"_blank\">Beache Club Nopolo<\/a><\/li>\n \t<li><a href=\"https:\/\/arturosport.com\/en\/ballenas-grises\/\" rel=\"noopener\" target=\"_blank\">Gray Whale<\/a><\/li>\n<\/ul>\t\t\t\t\t\t\t\t<\/div>\n\t\t\t\t<\/div>\n\t\t\t\t<\/div>\n\t\t\t\t\t<\/div>\n\t\t\t\t<\/div>\n\t\t<div class=\"elementor-element elementor-element-c4d374f e-flex e-con-boxed e-con e-parent\" data-id=\"c4d374f\" data-element_type=\"container\" data-e-type=\"container\" data-settings=\"{&quot;background_background&quot;:&quot;classic&quot;}\">\n\t\t\t\t\t<div class=\"e-con-inner\">\n\t\t<div class=\"elementor-element elementor-element-156ae0e e-con-full e-flex e-con e-child\" data-id=\"156ae0e\" data-element_type=\"container\" data-e-type=\"container\">\n\t\t\t\t<div class=\"elementor-element elementor-element-3eca95d elementor-widget elementor-widget-heading\" data-id=\"3eca95d\" data-element_type=\"widget\" data-e-type=\"widget\" data-widget_type=\"heading.default\">\n\t\t\t\t<div class=\"elementor-widget-container\">\n\t\t\t\t\t<h2 class=\"elementor-heading-title elementor-size-default\">Create a plan with us and enjoy<\/br>\nthe nature of Baja today!<\/h2>\t\t\t\t<\/div>\n\t\t\t\t<\/div>\n\t\t\t\t<div class=\"elementor-element elementor-element-3e74542 elementor-widget elementor-widget-text-editor\" data-id=\"3e74542\" data-element_type=\"widget\" data-e-type=\"widget\" data-widget_type=\"text-editor.default\">\n\t\t\t\t<div class=\"elementor-widget-container\">\n\t\t\t\t\t\t\t\t\t<p>We can help you create unforgettable memories with our services.<\/p>\t\t\t\t\t\t\t\t<\/div>\n\t\t\t\t<\/div>\n\t\t\t\t<div class=\"elementor-element elementor-element-c8bb7f9 elementor-widget elementor-widget-heading\" data-id=\"c8bb7f9\" data-element_type=\"widget\" data-e-type=\"widget\" data-widget_type=\"heading.default\">\n\t\t\t\t<div class=\"elementor-widget-container\">\n\t\t\t\t\t<p class=\"elementor-heading-title elementor-size-default\">Book now<\/p>\t\t\t\t<\/div>\n\t\t\t\t<\/div>\n\t\t\t\t<div class=\"elementor-element elementor-element-c0874e6 elementor-align-center elementor-icon-list--layout-traditional elementor-list-item-link-full_width elementor-widget elementor-widget-icon-list\" data-id=\"c0874e6\" data-element_type=\"widget\" data-e-type=\"widget\" data-widget_type=\"icon-list.default\">\n\t\t\t\t<div class=\"elementor-widget-container\">\n\t\t\t\t\t\t\t<ul class=\"elementor-icon-list-items\">\n\t\t\t\t\t\t\t<li class=\"elementor-icon-list-item\">\n\t\t\t\t\t\t\t\t\t\t\t<a href=\"tel:+526131408522\">\n\n\t\t\t\t\t\t\t\t\t\t\t\t<span class=\"elementor-icon-list-icon\">\n\t\t\t\t\t\t\t<svg aria-hidden=\"true\" class=\"e-font-icon-svg e-fas-phone-alt\" viewbox=\"0 0 512 512\" xmlns=\"http:\/\/www.w3.org\/2000\/svg\"><path d=\"M497.39 361.8l-112-48a24 24 0 0 0-28 6.9l-49.6 60.6A370.66 370.66 0 0 1 130.6 204.11l60.6-49.6a23.94 23.94 0 0 0 6.9-28l-48-112A24.16 24.16 0 0 0 122.6.61l-104 24A24 24 0 0 0 0 48c0 256.5 207.9 464 464 464a24 24 0 0 0 23.4-18.6l24-104a24.29 24.29 0 0 0-14.01-27.6z\"><\/path><\/svg>\t\t\t\t\t\t<\/span>\n\t\t\t\t\t\t\t\t\t\t<span class=\"elementor-icon-list-text\">+526131408522<\/span>\n\t\t\t\t\t\t\t\t\t\t\t<\/a>\n\t\t\t\t\t\t\t\t\t<\/li>\n\t\t\t\t\t\t<\/ul>\n\t\t\t\t\t\t<\/div>\n\t\t\t\t<\/div>\n\t\t\t\t<\/div>\n\t\t\t\t\t<\/div>\n\t\t\t\t<\/div>\n\t\t\t\t<\/div>","protected":false},"excerpt":{"rendered":"<p>Club de Playa Nopol\u00f3 Club de Playa Nopol\u00f3 Contamos con una playa de las m\u00e1s bonitas del municipio, ubicado en esta zona residencial de Loreto Bay donde encontrara un punto donde realizar actividades recreativas a bordo de kayaks, paddle board y realizar snorkel en el \u00e1rea y zona de playa con palapas y camastros. Lecciones [&hellip;]<\/p>\n","protected":false},"author":1,"featured_media":0,"parent":0,"menu_order":0,"comment_status":"closed","ping_status":"closed","template":"","meta":{"site-sidebar-layout":"no-sidebar","site-content-layout":"page-builder","ast-site-content-layout":"full-width-container","site-content-style":"unboxed","site-sidebar-style":"unboxed","ast-global-header-display":"","ast-banner-title-visibility":"","ast-main-header-display":"","ast-hfb-above-header-display":"","ast-hfb-below-header-display":"","ast-hfb-mobile-header-display":"","site-post-title":"disabled","ast-breadcrumbs-content":"","ast-featured-img":"disabled","footer-sml-layout":"","ast-disable-related-posts":"","theme-transparent-header-meta":"enabled","adv-header-id-meta":"","stick-header-meta":"","header-above-stick-meta":"","header-main-stick-meta":"","header-below-stick-meta":"","astra-migrate-meta-layouts":"set","ast-page-background-enabled":"default","ast-page-background-meta":{"desktop":{"background-color":"","background-image":"","background-repeat":"repeat","background-position":"center center","background-size":"auto","background-attachment":"scroll","background-type":"","background-media":"","overlay-type":"","overlay-color":"","overlay-opacity":"","overlay-gradient":""},"tablet":{"background-color":"","background-image":"","background-repeat":"repeat","background-position":"center center","background-size":"auto","background-attachment":"scroll","background-type":"","background-media":"","overlay-type":"","overlay-color":"","overlay-opacity":"","overlay-gradient":""},"mobile":{"background-color":"","background-image":"","background-repeat":"repeat","background-position":"center center","background-size":"auto","background-attachment":"scroll","background-type":"","background-media":"","overlay-type":"","overlay-color":"","overlay-opacity":"","overlay-gradient":""}},"ast-content-background-meta":{"desktop":{"background-color":"var(--ast-global-color-5)","background-image":"","background-repeat":"repeat","background-position":"center center","background-size":"auto","background-attachment":"scroll","background-type":"","background-media":"","overlay-type":"","overlay-color":"","overlay-opacity":"","overlay-gradient":""},"tablet":{"background-color":"var(--ast-global-color-5)","background-image":"","background-repeat":"repeat","background-position":"center center","background-size":"auto","background-attachment":"scroll","background-type":"","background-media":"","overlay-type":"","overlay-color":"","overlay-opacity":"","overlay-gradient":""},"mobile":{"background-color":"var(--ast-global-color-5)","background-image":"","background-repeat":"repeat","background-position":"center center","background-size":"auto","background-attachment":"scroll","background-type":"","background-media":"","overlay-type":"","overlay-color":"","overlay-opacity":"","overlay-gradient":""}},"_joinchat":[],"footnotes":""},"class_list":["post-1226","page","type-page","status-publish","hentry"],"yoast_head":"<!-- This site is optimized with the Yoast SEO plugin v27.4 - https:\/\/yoast.com\/product\/yoast-seo-wordpress\/ -->\n<title>Club de Playa Nopol\u00f3 - Arturo\u00b4s Sport Fishing &amp; Tours<\/title>\n<meta name=\"description\" content=\"PESCA DEPORTIVA \u2013 BALLENA AZUL \u2013 BALLENA GRIS \u2013 PASEOS A LAS ISLAS \u2013 LANCHA FONDO DE CRISTAL \u2013 PASEO EN BICICLETA \u2013 CLUB DE PLAYA - SPORT FISHING \u2013 BLUE WHALE \u2013 GRAY WHALE \u2013 TRIPS TO THE ISLANDS \u2013 GLASS BOTTOM BOAT \u2013 BIKE RIDE \u2013 BEACH CLUB\" \/>\n<meta name=\"robots\" content=\"index, follow, max-snippet:-1, max-image-preview:large, max-video-preview:-1\" \/>\n<link rel=\"canonical\" href=\"https:\/\/arturosport.com\/en\/club-de-playa-nopolo\/\" \/>\n<meta property=\"og:locale\" content=\"en_US\" \/>\n<meta property=\"og:type\" content=\"article\" \/>\n<meta property=\"og:title\" content=\"Club de Playa Nopol\u00f3 - Arturo\u00b4s Sport Fishing &amp; Tours\" \/>\n<meta property=\"og:description\" content=\"PESCA DEPORTIVA \u2013 BALLENA AZUL \u2013 BALLENA GRIS \u2013 PASEOS A LAS ISLAS \u2013 LANCHA FONDO DE CRISTAL \u2013 PASEO EN BICICLETA \u2013 CLUB DE PLAYA - SPORT FISHING \u2013 BLUE WHALE \u2013 GRAY WHALE \u2013 TRIPS TO THE ISLANDS \u2013 GLASS BOTTOM BOAT \u2013 BIKE RIDE \u2013 BEACH CLUB\" \/>\n<meta property=\"og:url\" content=\"https:\/\/arturosport.com\/en\/club-de-playa-nopolo\/\" \/>\n<meta property=\"og:site_name\" content=\"Arturo\u00b4s Sport Fishing &amp; Tours\" \/>\n<meta property=\"article:publisher\" content=\"https:\/\/www.facebook.com\/loretanobcs\" \/>\n<meta property=\"article:modified_time\" content=\"2024-08-08T21:26:28+00:00\" \/>\n<meta property=\"og:image\" content=\"https:\/\/arturosport.com\/wp-content\/uploads\/2024\/08\/service-16-1.jpg\" \/>\n<meta name=\"twitter:card\" content=\"summary_large_image\" \/>\n<meta name=\"twitter:label1\" content=\"Est. reading time\" \/>\n\t<meta name=\"twitter:data1\" content=\"5 minutes\" \/>\n<script type=\"application\/ld+json\" class=\"yoast-schema-graph\">{\"@context\":\"https:\\\/\\\/schema.org\",\"@graph\":[{\"@type\":\"WebPage\",\"@id\":\"https:\\\/\\\/arturosport.com\\\/club-de-playa-nopolo\\\/\",\"url\":\"https:\\\/\\\/arturosport.com\\\/club-de-playa-nopolo\\\/\",\"name\":\"Club de Playa Nopol\u00f3 - Arturo\u00b4s Sport Fishing &amp; Tours\",\"isPartOf\":{\"@id\":\"https:\\\/\\\/arturosport.com\\\/#website\"},\"primaryImageOfPage\":{\"@id\":\"https:\\\/\\\/arturosport.com\\\/club-de-playa-nopolo\\\/#primaryimage\"},\"image\":{\"@id\":\"https:\\\/\\\/arturosport.com\\\/club-de-playa-nopolo\\\/#primaryimage\"},\"thumbnailUrl\":\"https:\\\/\\\/arturosport.com\\\/wp-content\\\/uploads\\\/2024\\\/08\\\/service-16-1.jpg\",\"datePublished\":\"2024-08-08T21:07:24+00:00\",\"dateModified\":\"2024-08-08T21:26:28+00:00\",\"description\":\"PESCA DEPORTIVA \u2013 BALLENA AZUL \u2013 BALLENA GRIS \u2013 PASEOS A LAS ISLAS \u2013 LANCHA FONDO DE CRISTAL \u2013 PASEO EN BICICLETA \u2013 CLUB DE PLAYA - SPORT FISHING \u2013 BLUE WHALE \u2013 GRAY WHALE \u2013 TRIPS TO THE ISLANDS \u2013 GLASS BOTTOM BOAT \u2013 BIKE RIDE \u2013 BEACH CLUB\",\"breadcrumb\":{\"@id\":\"https:\\\/\\\/arturosport.com\\\/club-de-playa-nopolo\\\/#breadcrumb\"},\"inLanguage\":\"en-US\",\"potentialAction\":[{\"@type\":\"ReadAction\",\"target\":[\"https:\\\/\\\/arturosport.com\\\/club-de-playa-nopolo\\\/\"]}]},{\"@type\":\"ImageObject\",\"inLanguage\":\"en-US\",\"@id\":\"https:\\\/\\\/arturosport.com\\\/club-de-playa-nopolo\\\/#primaryimage\",\"url\":\"https:\\\/\\\/arturosport.com\\\/wp-content\\\/uploads\\\/2024\\\/08\\\/service-16-1.jpg\",\"contentUrl\":\"https:\\\/\\\/arturosport.com\\\/wp-content\\\/uploads\\\/2024\\\/08\\\/service-16-1.jpg\"},{\"@type\":\"BreadcrumbList\",\"@id\":\"https:\\\/\\\/arturosport.com\\\/club-de-playa-nopolo\\\/#breadcrumb\",\"itemListElement\":[{\"@type\":\"ListItem\",\"position\":1,\"name\":\"Inicio\",\"item\":\"https:\\\/\\\/arturosport.com\\\/\"},{\"@type\":\"ListItem\",\"position\":2,\"name\":\"Club de Playa Nopol\u00f3\"}]},{\"@type\":\"WebSite\",\"@id\":\"https:\\\/\\\/arturosport.com\\\/#website\",\"url\":\"https:\\\/\\\/arturosport.com\\\/\",\"name\":\"Arturo\u00b4s Sport Fishing & Tours\",\"description\":\"Sport Fishing, Tours for to Island, Wathching Whale, Loreto BCS\",\"publisher\":{\"@id\":\"https:\\\/\\\/arturosport.com\\\/#organization\"},\"alternateName\":\"Arturo Sport Fishing\",\"potentialAction\":[{\"@type\":\"SearchAction\",\"target\":{\"@type\":\"EntryPoint\",\"urlTemplate\":\"https:\\\/\\\/arturosport.com\\\/?s={search_term_string}\"},\"query-input\":{\"@type\":\"PropertyValueSpecification\",\"valueRequired\":true,\"valueName\":\"search_term_string\"}}],\"inLanguage\":\"en-US\"},{\"@type\":\"Organization\",\"@id\":\"https:\\\/\\\/arturosport.com\\\/#organization\",\"name\":\"Arturo\u00b4s Sport Fishing & Tours\",\"alternateName\":\"Arturo Sport Fishing Loreto\",\"url\":\"https:\\\/\\\/arturosport.com\\\/\",\"logo\":{\"@type\":\"ImageObject\",\"inLanguage\":\"en-US\",\"@id\":\"https:\\\/\\\/arturosport.com\\\/#\\\/schema\\\/logo\\\/image\\\/\",\"url\":\"https:\\\/\\\/arturosport.com\\\/wp-content\\\/uploads\\\/2024\\\/08\\\/cropped-cropped-favicon.png\",\"contentUrl\":\"https:\\\/\\\/arturosport.com\\\/wp-content\\\/uploads\\\/2024\\\/08\\\/cropped-cropped-favicon.png\",\"width\":512,\"height\":512,\"caption\":\"Arturo\u00b4s Sport Fishing & Tours\"},\"image\":{\"@id\":\"https:\\\/\\\/arturosport.com\\\/#\\\/schema\\\/logo\\\/image\\\/\"},\"sameAs\":[\"https:\\\/\\\/www.facebook.com\\\/loretanobcs\",\"https:\\\/\\\/www.instagram.com\\\/visitaloretobcs\\\/\"]}]}<\/script>\n<!-- \/ Yoast SEO plugin. -->","yoast_head_json":{"title":"Club de Playa Nopol\u00f3 - Arturo\u00b4s Sport Fishing &amp; Tours","description":"PESCA DEPORTIVA \u2013 BALLENA AZUL \u2013 BALLENA GRIS \u2013 PASEOS A LAS ISLAS \u2013 LANCHA FONDO DE CRISTAL \u2013 PASEO EN BICICLETA \u2013 CLUB DE PLAYA - SPORT FISHING \u2013 BLUE WHALE \u2013 GRAY WHALE \u2013 TRIPS TO THE ISLANDS \u2013 GLASS BOTTOM BOAT \u2013 BIKE RIDE \u2013 BEACH CLUB","robots":{"index":"index","follow":"follow","max-snippet":"max-snippet:-1","max-image-preview":"max-image-preview:large","max-video-preview":"max-video-preview:-1"},"canonical":"https:\/\/arturosport.com\/en\/club-de-playa-nopolo\/","og_locale":"en_US","og_type":"article","og_title":"Club de Playa Nopol\u00f3 - Arturo\u00b4s Sport Fishing &amp; Tours","og_description":"PESCA DEPORTIVA \u2013 BALLENA AZUL \u2013 BALLENA GRIS \u2013 PASEOS A LAS ISLAS \u2013 LANCHA FONDO DE CRISTAL \u2013 PASEO EN BICICLETA \u2013 CLUB DE PLAYA - SPORT FISHING \u2013 BLUE WHALE \u2013 GRAY WHALE \u2013 TRIPS TO THE ISLANDS \u2013 GLASS BOTTOM BOAT \u2013 BIKE RIDE \u2013 BEACH CLUB","og_url":"https:\/\/arturosport.com\/en\/club-de-playa-nopolo\/","og_site_name":"Arturo\u00b4s Sport Fishing &amp; Tours","article_publisher":"https:\/\/www.facebook.com\/loretanobcs","article_modified_time":"2024-08-08T21:26:28+00:00","og_image":[{"url":"https:\/\/arturosport.com\/wp-content\/uploads\/2024\/08\/service-16-1.jpg","type":"","width":"","height":""}],"twitter_card":"summary_large_image","twitter_misc":{"Est. reading time":"5 minutes"},"schema":{"@context":"https:\/\/schema.org","@graph":[{"@type":"WebPage","@id":"https:\/\/arturosport.com\/club-de-playa-nopolo\/","url":"https:\/\/arturosport.com\/club-de-playa-nopolo\/","name":"Club de Playa Nopol\u00f3 - Arturo\u00b4s Sport Fishing &amp; Tours","isPartOf":{"@id":"https:\/\/arturosport.com\/#website"},"primaryImageOfPage":{"@id":"https:\/\/arturosport.com\/club-de-playa-nopolo\/#primaryimage"},"image":{"@id":"https:\/\/arturosport.com\/club-de-playa-nopolo\/#primaryimage"},"thumbnailUrl":"https:\/\/arturosport.com\/wp-content\/uploads\/2024\/08\/service-16-1.jpg","datePublished":"2024-08-08T21:07:24+00:00","dateModified":"2024-08-08T21:26:28+00:00","description":"PESCA DEPORTIVA \u2013 BALLENA AZUL \u2013 BALLENA GRIS \u2013 PASEOS A LAS ISLAS \u2013 LANCHA FONDO DE CRISTAL \u2013 PASEO EN BICICLETA \u2013 CLUB DE PLAYA - SPORT FISHING \u2013 BLUE WHALE \u2013 GRAY WHALE \u2013 TRIPS TO THE ISLANDS \u2013 GLASS BOTTOM BOAT \u2013 BIKE RIDE \u2013 BEACH CLUB","breadcrumb":{"@id":"https:\/\/arturosport.com\/club-de-playa-nopolo\/#breadcrumb"},"inLanguage":"en-US","potentialAction":[{"@type":"ReadAction","target":["https:\/\/arturosport.com\/club-de-playa-nopolo\/"]}]},{"@type":"ImageObject","inLanguage":"en-US","@id":"https:\/\/arturosport.com\/club-de-playa-nopolo\/#primaryimage","url":"https:\/\/arturosport.com\/wp-content\/uploads\/2024\/08\/service-16-1.jpg","contentUrl":"https:\/\/arturosport.com\/wp-content\/uploads\/2024\/08\/service-16-1.jpg"},{"@type":"BreadcrumbList","@id":"https:\/\/arturosport.com\/club-de-playa-nopolo\/#breadcrumb","itemListElement":[{"@type":"ListItem","position":1,"name":"Inicio","item":"https:\/\/arturosport.com\/"},{"@type":"ListItem","position":2,"name":"Club de Playa Nopol\u00f3"}]},{"@type":"WebSite","@id":"https:\/\/arturosport.com\/#website","url":"https:\/\/arturosport.com\/","name":"Arturo\u00b4s Sport Fishing & Tours","description":"Sport Fishing, Tours for to Island, Wathching Whale, Loreto BCS","publisher":{"@id":"https:\/\/arturosport.com\/#organization"},"alternateName":"Arturo Sport Fishing","potentialAction":[{"@type":"SearchAction","target":{"@type":"EntryPoint","urlTemplate":"https:\/\/arturosport.com\/?s={search_term_string}"},"query-input":{"@type":"PropertyValueSpecification","valueRequired":true,"valueName":"search_term_string"}}],"inLanguage":"en-US"},{"@type":"Organization","@id":"https:\/\/arturosport.com\/#organization","name":"Arturo\u00b4s Sport Fishing & Tours","alternateName":"Arturo Sport Fishing Loreto","url":"https:\/\/arturosport.com\/","logo":{"@type":"ImageObject","inLanguage":"en-US","@id":"https:\/\/arturosport.com\/#\/schema\/logo\/image\/","url":"https:\/\/arturosport.com\/wp-content\/uploads\/2024\/08\/cropped-cropped-favicon.png","contentUrl":"https:\/\/arturosport.com\/wp-content\/uploads\/2024\/08\/cropped-cropped-favicon.png","width":512,"height":512,"caption":"Arturo\u00b4s Sport Fishing & Tours"},"image":{"@id":"https:\/\/arturosport.com\/#\/schema\/logo\/image\/"},"sameAs":["https:\/\/www.facebook.com\/loretanobcs","https:\/\/www.instagram.com\/visitaloretobcs\/"]}]}},"_links":{"self":[{"href":"https:\/\/arturosport.com\/en\/wp-json\/wp\/v2\/pages\/1226","targetHints":{"allow":["GET"]}}],"collection":[{"href":"https:\/\/arturosport.com\/en\/wp-json\/wp\/v2\/pages"}],"about":[{"href":"https:\/\/arturosport.com\/en\/wp-json\/wp\/v2\/types\/page"}],"author":[{"embeddable":true,"href":"https:\/\/arturosport.com\/en\/wp-json\/wp\/v2\/users\/1"}],"replies":[{"embeddable":true,"href":"https:\/\/arturosport.com\/en\/wp-json\/wp\/v2\/comments?post=1226"}],"version-history":[{"count":10,"href":"https:\/\/arturosport.com\/en\/wp-json\/wp\/v2\/pages\/1226\/revisions"}],"predecessor-version":[{"id":1281,"href":"https:\/\/arturosport.com\/en\/wp-json\/wp\/v2\/pages\/1226\/revisions\/1281"}],"wp:attachment":[{"href":"https:\/\/arturosport.com\/en\/wp-json\/wp\/v2\/media?parent=1226"}],"curies":[{"name":"wp","href":"https:\/\/api.w.org\/{rel}","templated":true}]}}