{"id":924,"date":"2024-08-07T17:43:56","date_gmt":"2024-08-07T17:43:56","guid":{"rendered":"https:\/\/arturosport.local\/?page_id=924"},"modified":"2024-08-07T17:48:32","modified_gmt":"2024-08-07T17:48:32","slug":"nosotros","status":"publish","type":"page","link":"https:\/\/arturosport.com\/en\/nosotros\/","title":{"rendered":"About Us"},"content":{"rendered":"<div data-elementor-type=\"wp-page\" data-elementor-id=\"924\" class=\"elementor elementor-924\">\n\t\t\t\t<div class=\"elementor-element elementor-element-d10b0a0 e-flex e-con-boxed e-con e-parent\" data-id=\"d10b0a0\" data-element_type=\"container\" data-e-type=\"container\" data-settings=\"{&quot;background_background&quot;:&quot;classic&quot;}\">\n\t\t\t\t\t<div class=\"e-con-inner\">\n\t\t<div class=\"elementor-element elementor-element-1e4a5cd e-con-full e-flex e-con e-child\" data-id=\"1e4a5cd\" data-element_type=\"container\" data-e-type=\"container\">\n\t\t\t\t<div class=\"elementor-element elementor-element-f1ea987 elementor-widget elementor-widget-heading\" data-id=\"f1ea987\" data-element_type=\"widget\" data-e-type=\"widget\" data-widget_type=\"heading.default\">\n\t\t\t\t<div class=\"elementor-widget-container\">\n\t\t\t\t\t<h1 class=\"elementor-heading-title elementor-size-default\">About Us<\/h1>\t\t\t\t<\/div>\n\t\t\t\t<\/div>\n\t\t\t\t<\/div>\n\t\t\t\t\t<\/div>\n\t\t\t\t<\/div>\n\t\t<div class=\"elementor-element elementor-element-4d3f0c8 e-flex e-con-boxed e-con e-parent\" data-id=\"4d3f0c8\" data-element_type=\"container\" data-e-type=\"container\" data-settings=\"{&quot;background_background&quot;:&quot;classic&quot;}\">\n\t\t\t\t\t<div class=\"e-con-inner\">\n\t\t\t\t<div class=\"elementor-element elementor-element-acb0a16 elementor-widget elementor-widget-text-editor\" data-id=\"acb0a16\" data-element_type=\"widget\" data-e-type=\"widget\" data-widget_type=\"text-editor.default\">\n\t\t\t\t<div class=\"elementor-widget-container\">\n\t\t\t\t\t\t\t\t\t<h3>Looking for the best adventure of your Life?<\/h3><p>Arturo's Sport Fishing &amp; Tours, provides first-class services, has a very professional team of young and enthusiastic people who love their profession and are committed to showing the best of Baja California Sur.<\/p><h3>Why Choose Us?<\/h3><ul><li>Because We Can Satisfy Your Desire for Exploration.<\/li><\/ul><h3>WE HAVE EXPERIENCE<\/h3><ul><li>With more than 37 years of experience doing tourist activities in Baja California Sur, Mexico. We know what our hosts need to enjoy Baja California Sur with all five senses.<\/li><\/ul><h3>100% SATISFACTION<\/h3><ul><li>We love what we do, we see in each client a friend whom we want to host and guide in Baja California Sur, an opportunity to grow in terms of quality of service in tourism.<\/li><\/ul><h3>CREATIVE SERVICE<\/h3><ul><li>We are always in search of innovation as a permanent way to improve the quality of our service, we add to our itinerary the activities that our clients like the most.<\/li><\/ul><h3>SPECIAL FEATURES<\/h3><p>All Our Tours Offer The Following:<\/p><h3>SCENIC BEAUTY<\/h3><ul><li>We will take you to experience the most beautiful places in Baja California Sur, we grew up in this inhospitable environment.<\/li><\/ul><h3>ITINERARY AND LOGISTICS<\/h3><ul><li>We are very organized, we know how to get the most out of your exploration trips, even when we must follow an itinerary, we adjust to its pace.<\/li><\/ul><h3>SAFETY FIRST<\/h3><ul><li>This term is a priority for us, we meet all the requirements of the law, however all our tours are designed with their integrity in mind.<\/li><\/ul><h3>ENVIRONMENTAL EDUCATION<\/h3><ul><li>In our Tours we have integrated methods and actions to facilitate the enjoyment of the environment, aware that this interaction will leave you with an environmental experience and knowledge.<\/li><\/ul><h3>VIRTUAL WORLD<\/h3><ul><li>Our Company has modernized and innovated in terms of virtual communication, we have the necessary electronic means to always be in contact.<\/li><\/ul><h3>OPPORTUNITIES<\/h3><ul><li>We constantly create promotional campaigns to share New Tours at affordable prices, in addition we do not have intermediaries, we are Tourist Service Providers.<\/li><\/ul><p>Since 1983 - With the Best Team, Trained and Specializalized to:<\/p><ul><li>Sport Fishing<\/li><li>Fly Fishing<\/li><li>Kayak Fishing<\/li><li>Scuba Diving around the Islandas<\/li><li>Fish BBQ, at Coronado Island<\/li><li>Blue Whale Watching Tours<\/li><\/ul><p>Arturo's Sport Beach Club, on the beach of Loreto Bay. A different place in Loreto. Located in Nopol\u00f3, just 5 kilometers from the center of town, come and enjoy in a Kayak or Paddle Board, navigating through the Mangroves that are located in the channels of Punta Nopol\u00f3. Services we have:<\/p><ul><li>A place to estorage Kayaks, Paddleboards, Paddles and Life jackets.<\/li><li>Warehouse rents per week, month or specified time.<\/li><li>Rental equipment such as: freediving equipment, wet suits, kayak and paddle boards.<\/li><\/ul><p>Loreto, Baja California Sur, Mexico, is considered by many to be the finest Sport Fishing Destination in the World. Located in its Bay of Loreto National Park, Loreto is conveniently located less than two hours from Los Angeles or San Diego by plane. Feel free to come and have the best of your vacations, with the best service, the best activities, in the best of destinations, only with Arturo's Sportfishing.<\/p>\t\t\t\t\t\t\t\t<\/div>\n\t\t\t\t<\/div>\n\t\t\t\t\t<\/div>\n\t\t\t\t<\/div>\n\t\t\t\t<\/div>","protected":false},"excerpt":{"rendered":"<p>Nosotros \u00bfEN BUSCA DE LA MEJOR AVENTURA DE SU VIDA? Arturo&#8217;s Sport Fishing &amp; Tours, brinda servicios de primera clase, tiene un equipo muy profesional de personas j\u00f3venes y entusiastas que aman su profesi\u00f3n y est\u00e1n comprometidos en mostrar lo mejor de Baja California Sur. \u00bfPOR QU\u00c9 ELEGIRNOS? Porque Nosotros Podemos Satisfacer su Deseo de [&hellip;]<\/p>\n","protected":false},"author":1,"featured_media":0,"parent":0,"menu_order":0,"comment_status":"closed","ping_status":"closed","template":"","meta":{"site-sidebar-layout":"no-sidebar","site-content-layout":"page-builder","ast-site-content-layout":"full-width-container","site-content-style":"unboxed","site-sidebar-style":"unboxed","ast-global-header-display":"","ast-banner-title-visibility":"","ast-main-header-display":"","ast-hfb-above-header-display":"","ast-hfb-below-header-display":"","ast-hfb-mobile-header-display":"","site-post-title":"disabled","ast-breadcrumbs-content":"","ast-featured-img":"disabled","footer-sml-layout":"","ast-disable-related-posts":"","theme-transparent-header-meta":"enabled","adv-header-id-meta":"","stick-header-meta":"","header-above-stick-meta":"","header-main-stick-meta":"","header-below-stick-meta":"","astra-migrate-meta-layouts":"set","ast-page-background-enabled":"default","ast-page-background-meta":{"desktop":{"background-color":"","background-image":"","background-repeat":"repeat","background-position":"center center","background-size":"auto","background-attachment":"scroll","background-type":"","background-media":"","overlay-type":"","overlay-color":"","overlay-opacity":"","overlay-gradient":""},"tablet":{"background-color":"","background-image":"","background-repeat":"repeat","background-position":"center center","background-size":"auto","background-attachment":"scroll","background-type":"","background-media":"","overlay-type":"","overlay-color":"","overlay-opacity":"","overlay-gradient":""},"mobile":{"background-color":"","background-image":"","background-repeat":"repeat","background-position":"center center","background-size":"auto","background-attachment":"scroll","background-type":"","background-media":"","overlay-type":"","overlay-color":"","overlay-opacity":"","overlay-gradient":""}},"ast-content-background-meta":{"desktop":{"background-color":"var(--ast-global-color-5)","background-image":"","background-repeat":"repeat","background-position":"center center","background-size":"auto","background-attachment":"scroll","background-type":"","background-media":"","overlay-type":"","overlay-color":"","overlay-opacity":"","overlay-gradient":""},"tablet":{"background-color":"var(--ast-global-color-5)","background-image":"","background-repeat":"repeat","background-position":"center center","background-size":"auto","background-attachment":"scroll","background-type":"","background-media":"","overlay-type":"","overlay-color":"","overlay-opacity":"","overlay-gradient":""},"mobile":{"background-color":"var(--ast-global-color-5)","background-image":"","background-repeat":"repeat","background-position":"center center","background-size":"auto","background-attachment":"scroll","background-type":"","background-media":"","overlay-type":"","overlay-color":"","overlay-opacity":"","overlay-gradient":""}},"_joinchat":[],"footnotes":""},"class_list":["post-924","page","type-page","status-publish","hentry"],"yoast_head":"<!-- This site is optimized with the Yoast SEO plugin v27.3 - https:\/\/yoast.com\/product\/yoast-seo-wordpress\/ -->\n<title>Nosotros - Arturo\u00b4s Sport Fishing &amp; Tours<\/title>\n<meta name=\"description\" content=\"PESCA DEPORTIVA \u2013 BALLENA AZUL \u2013 BALLENA GRIS \u2013 PASEOS A LAS ISLAS \u2013 LANCHA FONDO DE CRISTAL \u2013 PASEO EN BICICLETA \u2013 CLUB DE PLAYA - SPORT FISHING \u2013 BLUE WHALE \u2013 GRAY WHALE \u2013 TRIPS TO THE ISLANDS \u2013 GLASS BOTTOM BOAT \u2013 BIKE RIDE \u2013 BEACH CLUB\" \/>\n<meta name=\"robots\" content=\"index, follow, max-snippet:-1, max-image-preview:large, max-video-preview:-1\" \/>\n<link rel=\"canonical\" href=\"https:\/\/arturosport.com\/en\/nosotros\/\" \/>\n<meta property=\"og:locale\" content=\"en_US\" \/>\n<meta property=\"og:type\" content=\"article\" \/>\n<meta property=\"og:title\" content=\"Nosotros - Arturo\u00b4s Sport Fishing &amp; Tours\" \/>\n<meta property=\"og:description\" content=\"PESCA DEPORTIVA \u2013 BALLENA AZUL \u2013 BALLENA GRIS \u2013 PASEOS A LAS ISLAS \u2013 LANCHA FONDO DE CRISTAL \u2013 PASEO EN BICICLETA \u2013 CLUB DE PLAYA - SPORT FISHING \u2013 BLUE WHALE \u2013 GRAY WHALE \u2013 TRIPS TO THE ISLANDS \u2013 GLASS BOTTOM BOAT \u2013 BIKE RIDE \u2013 BEACH CLUB\" \/>\n<meta property=\"og:url\" content=\"https:\/\/arturosport.com\/en\/nosotros\/\" \/>\n<meta property=\"og:site_name\" content=\"Arturo\u00b4s Sport Fishing &amp; Tours\" \/>\n<meta property=\"article:publisher\" content=\"https:\/\/www.facebook.com\/loretanobcs\" \/>\n<meta property=\"article:modified_time\" content=\"2024-08-07T17:48:32+00:00\" \/>\n<meta property=\"og:image\" content=\"https:\/\/arturosport.com\/wp-content\/uploads\/2024\/08\/cropped-favicon.png\" \/>\n\t<meta property=\"og:image:width\" content=\"512\" \/>\n\t<meta property=\"og:image:height\" content=\"512\" \/>\n\t<meta property=\"og:image:type\" content=\"image\/png\" \/>\n<meta name=\"twitter:card\" content=\"summary_large_image\" \/>\n<meta name=\"twitter:label1\" content=\"Est. reading time\" \/>\n\t<meta name=\"twitter:data1\" content=\"3 minutes\" \/>\n<script type=\"application\/ld+json\" class=\"yoast-schema-graph\">{\"@context\":\"https:\\\/\\\/schema.org\",\"@graph\":[{\"@type\":\"WebPage\",\"@id\":\"https:\\\/\\\/arturosport.com\\\/nosotros\\\/\",\"url\":\"https:\\\/\\\/arturosport.com\\\/nosotros\\\/\",\"name\":\"Nosotros - Arturo\u00b4s Sport Fishing &amp; Tours\",\"isPartOf\":{\"@id\":\"https:\\\/\\\/arturosport.com\\\/#website\"},\"datePublished\":\"2024-08-07T17:43:56+00:00\",\"dateModified\":\"2024-08-07T17:48:32+00:00\",\"description\":\"PESCA DEPORTIVA \u2013 BALLENA AZUL \u2013 BALLENA GRIS \u2013 PASEOS A LAS ISLAS \u2013 LANCHA FONDO DE CRISTAL \u2013 PASEO EN BICICLETA \u2013 CLUB DE PLAYA - SPORT FISHING \u2013 BLUE WHALE \u2013 GRAY WHALE \u2013 TRIPS TO THE ISLANDS \u2013 GLASS BOTTOM BOAT \u2013 BIKE RIDE \u2013 BEACH CLUB\",\"breadcrumb\":{\"@id\":\"https:\\\/\\\/arturosport.com\\\/nosotros\\\/#breadcrumb\"},\"inLanguage\":\"en-US\",\"potentialAction\":[{\"@type\":\"ReadAction\",\"target\":[\"https:\\\/\\\/arturosport.com\\\/nosotros\\\/\"]}]},{\"@type\":\"BreadcrumbList\",\"@id\":\"https:\\\/\\\/arturosport.com\\\/nosotros\\\/#breadcrumb\",\"itemListElement\":[{\"@type\":\"ListItem\",\"position\":1,\"name\":\"Inicio\",\"item\":\"https:\\\/\\\/arturosport.com\\\/\"},{\"@type\":\"ListItem\",\"position\":2,\"name\":\"Nosotros\"}]},{\"@type\":\"WebSite\",\"@id\":\"https:\\\/\\\/arturosport.com\\\/#website\",\"url\":\"https:\\\/\\\/arturosport.com\\\/\",\"name\":\"Arturo\u00b4s Sport Fishing & Tours\",\"description\":\"Sport Fishing, Tours for to Island, Wathching Whale, Loreto BCS\",\"publisher\":{\"@id\":\"https:\\\/\\\/arturosport.com\\\/#organization\"},\"alternateName\":\"Arturo Sport Fishing\",\"potentialAction\":[{\"@type\":\"SearchAction\",\"target\":{\"@type\":\"EntryPoint\",\"urlTemplate\":\"https:\\\/\\\/arturosport.com\\\/?s={search_term_string}\"},\"query-input\":{\"@type\":\"PropertyValueSpecification\",\"valueRequired\":true,\"valueName\":\"search_term_string\"}}],\"inLanguage\":\"en-US\"},{\"@type\":\"Organization\",\"@id\":\"https:\\\/\\\/arturosport.com\\\/#organization\",\"name\":\"Arturo\u00b4s Sport Fishing & Tours\",\"alternateName\":\"Arturo Sport Fishing Loreto\",\"url\":\"https:\\\/\\\/arturosport.com\\\/\",\"logo\":{\"@type\":\"ImageObject\",\"inLanguage\":\"en-US\",\"@id\":\"https:\\\/\\\/arturosport.com\\\/#\\\/schema\\\/logo\\\/image\\\/\",\"url\":\"https:\\\/\\\/arturosport.com\\\/wp-content\\\/uploads\\\/2024\\\/08\\\/cropped-cropped-favicon.png\",\"contentUrl\":\"https:\\\/\\\/arturosport.com\\\/wp-content\\\/uploads\\\/2024\\\/08\\\/cropped-cropped-favicon.png\",\"width\":512,\"height\":512,\"caption\":\"Arturo\u00b4s Sport Fishing & Tours\"},\"image\":{\"@id\":\"https:\\\/\\\/arturosport.com\\\/#\\\/schema\\\/logo\\\/image\\\/\"},\"sameAs\":[\"https:\\\/\\\/www.facebook.com\\\/loretanobcs\",\"https:\\\/\\\/www.instagram.com\\\/visitaloretobcs\\\/\"]}]}<\/script>\n<!-- \/ Yoast SEO plugin. -->","yoast_head_json":{"title":"Nosotros - Arturo\u00b4s Sport Fishing &amp; Tours","description":"PESCA DEPORTIVA \u2013 BALLENA AZUL \u2013 BALLENA GRIS \u2013 PASEOS A LAS ISLAS \u2013 LANCHA FONDO DE CRISTAL \u2013 PASEO EN BICICLETA \u2013 CLUB DE PLAYA - SPORT FISHING \u2013 BLUE WHALE \u2013 GRAY WHALE \u2013 TRIPS TO THE ISLANDS \u2013 GLASS BOTTOM BOAT \u2013 BIKE RIDE \u2013 BEACH CLUB","robots":{"index":"index","follow":"follow","max-snippet":"max-snippet:-1","max-image-preview":"max-image-preview:large","max-video-preview":"max-video-preview:-1"},"canonical":"https:\/\/arturosport.com\/en\/nosotros\/","og_locale":"en_US","og_type":"article","og_title":"Nosotros - Arturo\u00b4s Sport Fishing &amp; Tours","og_description":"PESCA DEPORTIVA \u2013 BALLENA AZUL \u2013 BALLENA GRIS \u2013 PASEOS A LAS ISLAS \u2013 LANCHA FONDO DE CRISTAL \u2013 PASEO EN BICICLETA \u2013 CLUB DE PLAYA - SPORT FISHING \u2013 BLUE WHALE \u2013 GRAY WHALE \u2013 TRIPS TO THE ISLANDS \u2013 GLASS BOTTOM BOAT \u2013 BIKE RIDE \u2013 BEACH CLUB","og_url":"https:\/\/arturosport.com\/en\/nosotros\/","og_site_name":"Arturo\u00b4s Sport Fishing &amp; Tours","article_publisher":"https:\/\/www.facebook.com\/loretanobcs","article_modified_time":"2024-08-07T17:48:32+00:00","og_image":[{"width":512,"height":512,"url":"https:\/\/arturosport.com\/wp-content\/uploads\/2024\/08\/cropped-favicon.png","type":"image\/png"}],"twitter_card":"summary_large_image","twitter_misc":{"Est. reading time":"3 minutes"},"schema":{"@context":"https:\/\/schema.org","@graph":[{"@type":"WebPage","@id":"https:\/\/arturosport.com\/nosotros\/","url":"https:\/\/arturosport.com\/nosotros\/","name":"Nosotros - Arturo\u00b4s Sport Fishing &amp; Tours","isPartOf":{"@id":"https:\/\/arturosport.com\/#website"},"datePublished":"2024-08-07T17:43:56+00:00","dateModified":"2024-08-07T17:48:32+00:00","description":"PESCA DEPORTIVA \u2013 BALLENA AZUL \u2013 BALLENA GRIS \u2013 PASEOS A LAS ISLAS \u2013 LANCHA FONDO DE CRISTAL \u2013 PASEO EN BICICLETA \u2013 CLUB DE PLAYA - SPORT FISHING \u2013 BLUE WHALE \u2013 GRAY WHALE \u2013 TRIPS TO THE ISLANDS \u2013 GLASS BOTTOM BOAT \u2013 BIKE RIDE \u2013 BEACH CLUB","breadcrumb":{"@id":"https:\/\/arturosport.com\/nosotros\/#breadcrumb"},"inLanguage":"en-US","potentialAction":[{"@type":"ReadAction","target":["https:\/\/arturosport.com\/nosotros\/"]}]},{"@type":"BreadcrumbList","@id":"https:\/\/arturosport.com\/nosotros\/#breadcrumb","itemListElement":[{"@type":"ListItem","position":1,"name":"Inicio","item":"https:\/\/arturosport.com\/"},{"@type":"ListItem","position":2,"name":"Nosotros"}]},{"@type":"WebSite","@id":"https:\/\/arturosport.com\/#website","url":"https:\/\/arturosport.com\/","name":"Arturo\u00b4s Sport Fishing & Tours","description":"Sport Fishing, Tours for to Island, Wathching Whale, Loreto BCS","publisher":{"@id":"https:\/\/arturosport.com\/#organization"},"alternateName":"Arturo Sport Fishing","potentialAction":[{"@type":"SearchAction","target":{"@type":"EntryPoint","urlTemplate":"https:\/\/arturosport.com\/?s={search_term_string}"},"query-input":{"@type":"PropertyValueSpecification","valueRequired":true,"valueName":"search_term_string"}}],"inLanguage":"en-US"},{"@type":"Organization","@id":"https:\/\/arturosport.com\/#organization","name":"Arturo\u00b4s Sport Fishing & Tours","alternateName":"Arturo Sport Fishing Loreto","url":"https:\/\/arturosport.com\/","logo":{"@type":"ImageObject","inLanguage":"en-US","@id":"https:\/\/arturosport.com\/#\/schema\/logo\/image\/","url":"https:\/\/arturosport.com\/wp-content\/uploads\/2024\/08\/cropped-cropped-favicon.png","contentUrl":"https:\/\/arturosport.com\/wp-content\/uploads\/2024\/08\/cropped-cropped-favicon.png","width":512,"height":512,"caption":"Arturo\u00b4s Sport Fishing & Tours"},"image":{"@id":"https:\/\/arturosport.com\/#\/schema\/logo\/image\/"},"sameAs":["https:\/\/www.facebook.com\/loretanobcs","https:\/\/www.instagram.com\/visitaloretobcs\/"]}]}},"_links":{"self":[{"href":"https:\/\/arturosport.com\/en\/wp-json\/wp\/v2\/pages\/924","targetHints":{"allow":["GET"]}}],"collection":[{"href":"https:\/\/arturosport.com\/en\/wp-json\/wp\/v2\/pages"}],"about":[{"href":"https:\/\/arturosport.com\/en\/wp-json\/wp\/v2\/types\/page"}],"author":[{"embeddable":true,"href":"https:\/\/arturosport.com\/en\/wp-json\/wp\/v2\/users\/1"}],"replies":[{"embeddable":true,"href":"https:\/\/arturosport.com\/en\/wp-json\/wp\/v2\/comments?post=924"}],"version-history":[{"count":7,"href":"https:\/\/arturosport.com\/en\/wp-json\/wp\/v2\/pages\/924\/revisions"}],"predecessor-version":[{"id":931,"href":"https:\/\/arturosport.com\/en\/wp-json\/wp\/v2\/pages\/924\/revisions\/931"}],"wp:attachment":[{"href":"https:\/\/arturosport.com\/en\/wp-json\/wp\/v2\/media?parent=924"}],"curies":[{"name":"wp","href":"https:\/\/api.w.org\/{rel}","templated":true}]}}