{"id":939,"date":"2024-08-07T17:57:35","date_gmt":"2024-08-07T17:57:35","guid":{"rendered":"https:\/\/arturosport.local\/?page_id=939"},"modified":"2024-08-07T17:59:29","modified_gmt":"2024-08-07T17:59:29","slug":"politicas-de-privacidad","status":"publish","type":"page","link":"https:\/\/arturosport.com\/en\/politicas-de-privacidad\/","title":{"rendered":"Privacy Policies"},"content":{"rendered":"<div data-elementor-type=\"wp-page\" data-elementor-id=\"939\" class=\"elementor elementor-939\">\n\t\t\t\t<div class=\"elementor-element elementor-element-d10b0a0 e-flex e-con-boxed e-con e-parent\" data-id=\"d10b0a0\" data-element_type=\"container\" data-e-type=\"container\" data-settings=\"{&quot;background_background&quot;:&quot;classic&quot;}\">\n\t\t\t\t\t<div class=\"e-con-inner\">\n\t\t<div class=\"elementor-element elementor-element-1e4a5cd e-con-full e-flex e-con e-child\" data-id=\"1e4a5cd\" data-element_type=\"container\" data-e-type=\"container\">\n\t\t\t\t<div class=\"elementor-element elementor-element-f1ea987 elementor-widget elementor-widget-heading\" data-id=\"f1ea987\" data-element_type=\"widget\" data-e-type=\"widget\" data-widget_type=\"heading.default\">\n\t\t\t\t<div class=\"elementor-widget-container\">\n\t\t\t\t\t<h2 class=\"elementor-heading-title elementor-size-default\">Privacy Policies<\/h2>\t\t\t\t<\/div>\n\t\t\t\t<\/div>\n\t\t\t\t<\/div>\n\t\t\t\t\t<\/div>\n\t\t\t\t<\/div>\n\t\t<div class=\"elementor-element elementor-element-0a3c15b e-flex e-con-boxed e-con e-parent\" data-id=\"0a3c15b\" data-element_type=\"container\" data-e-type=\"container\">\n\t\t\t\t\t<div class=\"e-con-inner\">\n\t\t\t\t<div class=\"elementor-element elementor-element-18a2982 elementor-widget elementor-widget-text-editor\" data-id=\"18a2982\" data-element_type=\"widget\" data-e-type=\"widget\" data-widget_type=\"text-editor.default\">\n\t\t\t\t<div class=\"elementor-widget-container\">\n\t\t\t\t\t\t\t\t\t<p>Privacy<\/p><p>Your privacy is very important for us. We designed our Data Policy to make important disclosures about how you can use Arturo's Sport Fishing &amp; Tours to share with others and how we collect and may use your content and information.<\/p><p>This website, like most sites on the Internet, uses Cookies to improve and optimize the user experience. A cookie is a small piece of text that the websites you visit send to the browser and that allows the website to remember information about your visit, such as your preferred language and other options, which can facilitate your next visit and make the site more useful to you.<\/p><p><img decoding=\"async\" src=\"https:\/\/oficinavirtualbcs.com\/2020\/uploads\/descarga.png\" alt=\"\" \/>Cookies play a very important role, since without them the use of the Web would be a much more frustrating experience. Cookies are only associated with an anonymous user and their computer \/ device and do not provide references that allow knowing personal data.<\/p><p>Users who complete the registration process or have logged in with their access data will be able to access personalized services adapted to their preferences according to the personal information provided at the time of registration and that stored in the cookie of their browser.<\/p><p>The contents of type code, text, images, audio and video, which do not correspond as intellectual property of Arturo's Sport Fishing &amp; Tours, are used on our website in accordance with the terms of the General Public License (GPL) and Creative Commons (CC), or according to the authorization specifications of its author, authors or intellectual owners.<\/p><p>This website has been prepared with information extracted from various sources, we sincerely appreciate your collaboration in the dissemination of this website on the Internet. The entire portal, the Design, adaptation and publication is in charge of Arturo\u2019s Sport Fishing &amp; Tours.<\/p><p>Although we have made every effort to ensure that all information available on this website is correct, we cannot guarantee that all information is complete and error-free, nor can we be held responsible for information that is missing or not submitted.<\/p>\t\t\t\t\t\t\t\t<\/div>\n\t\t\t\t<\/div>\n\t\t\t\t\t<\/div>\n\t\t\t\t<\/div>\n\t\t\t\t<\/div>","protected":false},"excerpt":{"rendered":"<p>Pol\u00ed\u00adticas de Privacidad Privacidad Su privacidad es muy importante para nosotros. Dise\u00f1amos nuestra Pol\u00edtica de datos para hacer importantes revelaciones sobre c\u00f3mo puede utilizar Arturo&#8217;s Sport Fishing &amp; Tours\u00a0para compartir con otros y c\u00f3mo recopilamos y podemos usar su contenido e informaci\u00f3n. Este sitio web, al igual que la mayor\u00eda de los sitios en Internet, [&hellip;]<\/p>\n","protected":false},"author":1,"featured_media":0,"parent":0,"menu_order":0,"comment_status":"closed","ping_status":"closed","template":"","meta":{"site-sidebar-layout":"no-sidebar","site-content-layout":"page-builder","ast-site-content-layout":"full-width-container","site-content-style":"unboxed","site-sidebar-style":"unboxed","ast-global-header-display":"","ast-banner-title-visibility":"","ast-main-header-display":"","ast-hfb-above-header-display":"","ast-hfb-below-header-display":"","ast-hfb-mobile-header-display":"","site-post-title":"disabled","ast-breadcrumbs-content":"","ast-featured-img":"disabled","footer-sml-layout":"","ast-disable-related-posts":"","theme-transparent-header-meta":"enabled","adv-header-id-meta":"","stick-header-meta":"","header-above-stick-meta":"","header-main-stick-meta":"","header-below-stick-meta":"","astra-migrate-meta-layouts":"set","ast-page-background-enabled":"default","ast-page-background-meta":{"desktop":{"background-color":"","background-image":"","background-repeat":"repeat","background-position":"center center","background-size":"auto","background-attachment":"scroll","background-type":"","background-media":"","overlay-type":"","overlay-color":"","overlay-opacity":"","overlay-gradient":""},"tablet":{"background-color":"","background-image":"","background-repeat":"repeat","background-position":"center center","background-size":"auto","background-attachment":"scroll","background-type":"","background-media":"","overlay-type":"","overlay-color":"","overlay-opacity":"","overlay-gradient":""},"mobile":{"background-color":"","background-image":"","background-repeat":"repeat","background-position":"center center","background-size":"auto","background-attachment":"scroll","background-type":"","background-media":"","overlay-type":"","overlay-color":"","overlay-opacity":"","overlay-gradient":""}},"ast-content-background-meta":{"desktop":{"background-color":"var(--ast-global-color-5)","background-image":"","background-repeat":"repeat","background-position":"center center","background-size":"auto","background-attachment":"scroll","background-type":"","background-media":"","overlay-type":"","overlay-color":"","overlay-opacity":"","overlay-gradient":""},"tablet":{"background-color":"var(--ast-global-color-5)","background-image":"","background-repeat":"repeat","background-position":"center center","background-size":"auto","background-attachment":"scroll","background-type":"","background-media":"","overlay-type":"","overlay-color":"","overlay-opacity":"","overlay-gradient":""},"mobile":{"background-color":"var(--ast-global-color-5)","background-image":"","background-repeat":"repeat","background-position":"center center","background-size":"auto","background-attachment":"scroll","background-type":"","background-media":"","overlay-type":"","overlay-color":"","overlay-opacity":"","overlay-gradient":""}},"_joinchat":[],"footnotes":""},"class_list":["post-939","page","type-page","status-publish","hentry"],"yoast_head":"<!-- This site is optimized with the Yoast SEO plugin v27.3 - https:\/\/yoast.com\/product\/yoast-seo-wordpress\/ -->\n<title>Pol\u00ed\u00adticas de Privacidad - Arturo\u00b4s Sport Fishing &amp; Tours<\/title>\n<meta name=\"description\" content=\"PESCA DEPORTIVA \u2013 BALLENA AZUL \u2013 BALLENA GRIS \u2013 PASEOS A LAS ISLAS \u2013 LANCHA FONDO DE CRISTAL \u2013 PASEO EN BICICLETA \u2013 CLUB DE PLAYA - SPORT FISHING \u2013 BLUE WHALE \u2013 GRAY WHALE \u2013 TRIPS TO THE ISLANDS \u2013 GLASS BOTTOM BOAT \u2013 BIKE RIDE \u2013 BEACH CLUB\" \/>\n<meta name=\"robots\" content=\"index, follow, max-snippet:-1, max-image-preview:large, max-video-preview:-1\" \/>\n<link rel=\"canonical\" href=\"https:\/\/arturosport.com\/en\/politicas-de-privacidad\/\" \/>\n<meta property=\"og:locale\" content=\"en_US\" \/>\n<meta property=\"og:type\" content=\"article\" \/>\n<meta property=\"og:title\" content=\"Pol\u00ed\u00adticas de Privacidad - Arturo\u00b4s Sport Fishing &amp; Tours\" \/>\n<meta property=\"og:description\" content=\"PESCA DEPORTIVA \u2013 BALLENA AZUL \u2013 BALLENA GRIS \u2013 PASEOS A LAS ISLAS \u2013 LANCHA FONDO DE CRISTAL \u2013 PASEO EN BICICLETA \u2013 CLUB DE PLAYA - SPORT FISHING \u2013 BLUE WHALE \u2013 GRAY WHALE \u2013 TRIPS TO THE ISLANDS \u2013 GLASS BOTTOM BOAT \u2013 BIKE RIDE \u2013 BEACH CLUB\" \/>\n<meta property=\"og:url\" content=\"https:\/\/arturosport.com\/en\/politicas-de-privacidad\/\" \/>\n<meta property=\"og:site_name\" content=\"Arturo\u00b4s Sport Fishing &amp; Tours\" \/>\n<meta property=\"article:publisher\" content=\"https:\/\/www.facebook.com\/loretanobcs\" \/>\n<meta property=\"article:modified_time\" content=\"2024-08-07T17:59:29+00:00\" \/>\n<meta property=\"og:image\" content=\"https:\/\/oficinavirtualbcs.com\/2020\/uploads\/descarga.png\" \/>\n<meta name=\"twitter:card\" content=\"summary_large_image\" \/>\n<meta name=\"twitter:label1\" content=\"Est. reading time\" \/>\n\t<meta name=\"twitter:data1\" content=\"3 minutes\" \/>\n<script type=\"application\/ld+json\" class=\"yoast-schema-graph\">{\"@context\":\"https:\\\/\\\/schema.org\",\"@graph\":[{\"@type\":\"WebPage\",\"@id\":\"https:\\\/\\\/arturosport.com\\\/politicas-de-privacidad\\\/\",\"url\":\"https:\\\/\\\/arturosport.com\\\/politicas-de-privacidad\\\/\",\"name\":\"Pol\u00ed\u00adticas de Privacidad - Arturo\u00b4s Sport Fishing &amp; Tours\",\"isPartOf\":{\"@id\":\"https:\\\/\\\/arturosport.com\\\/#website\"},\"primaryImageOfPage\":{\"@id\":\"https:\\\/\\\/arturosport.com\\\/politicas-de-privacidad\\\/#primaryimage\"},\"image\":{\"@id\":\"https:\\\/\\\/arturosport.com\\\/politicas-de-privacidad\\\/#primaryimage\"},\"thumbnailUrl\":\"https:\\\/\\\/oficinavirtualbcs.com\\\/2020\\\/uploads\\\/descarga.png\",\"datePublished\":\"2024-08-07T17:57:35+00:00\",\"dateModified\":\"2024-08-07T17:59:29+00:00\",\"description\":\"PESCA DEPORTIVA \u2013 BALLENA AZUL \u2013 BALLENA GRIS \u2013 PASEOS A LAS ISLAS \u2013 LANCHA FONDO DE CRISTAL \u2013 PASEO EN BICICLETA \u2013 CLUB DE PLAYA - SPORT FISHING \u2013 BLUE WHALE \u2013 GRAY WHALE \u2013 TRIPS TO THE ISLANDS \u2013 GLASS BOTTOM BOAT \u2013 BIKE RIDE \u2013 BEACH CLUB\",\"breadcrumb\":{\"@id\":\"https:\\\/\\\/arturosport.com\\\/politicas-de-privacidad\\\/#breadcrumb\"},\"inLanguage\":\"en-US\",\"potentialAction\":[{\"@type\":\"ReadAction\",\"target\":[\"https:\\\/\\\/arturosport.com\\\/politicas-de-privacidad\\\/\"]}]},{\"@type\":\"ImageObject\",\"inLanguage\":\"en-US\",\"@id\":\"https:\\\/\\\/arturosport.com\\\/politicas-de-privacidad\\\/#primaryimage\",\"url\":\"https:\\\/\\\/oficinavirtualbcs.com\\\/2020\\\/uploads\\\/descarga.png\",\"contentUrl\":\"https:\\\/\\\/oficinavirtualbcs.com\\\/2020\\\/uploads\\\/descarga.png\"},{\"@type\":\"BreadcrumbList\",\"@id\":\"https:\\\/\\\/arturosport.com\\\/politicas-de-privacidad\\\/#breadcrumb\",\"itemListElement\":[{\"@type\":\"ListItem\",\"position\":1,\"name\":\"Inicio\",\"item\":\"https:\\\/\\\/arturosport.com\\\/\"},{\"@type\":\"ListItem\",\"position\":2,\"name\":\"Pol\u00ed\u00adticas de Privacidad\"}]},{\"@type\":\"WebSite\",\"@id\":\"https:\\\/\\\/arturosport.com\\\/#website\",\"url\":\"https:\\\/\\\/arturosport.com\\\/\",\"name\":\"Arturo\u00b4s Sport Fishing & Tours\",\"description\":\"Sport Fishing, Tours for to Island, Wathching Whale, Loreto BCS\",\"publisher\":{\"@id\":\"https:\\\/\\\/arturosport.com\\\/#organization\"},\"alternateName\":\"Arturo Sport Fishing\",\"potentialAction\":[{\"@type\":\"SearchAction\",\"target\":{\"@type\":\"EntryPoint\",\"urlTemplate\":\"https:\\\/\\\/arturosport.com\\\/?s={search_term_string}\"},\"query-input\":{\"@type\":\"PropertyValueSpecification\",\"valueRequired\":true,\"valueName\":\"search_term_string\"}}],\"inLanguage\":\"en-US\"},{\"@type\":\"Organization\",\"@id\":\"https:\\\/\\\/arturosport.com\\\/#organization\",\"name\":\"Arturo\u00b4s Sport Fishing & Tours\",\"alternateName\":\"Arturo Sport Fishing Loreto\",\"url\":\"https:\\\/\\\/arturosport.com\\\/\",\"logo\":{\"@type\":\"ImageObject\",\"inLanguage\":\"en-US\",\"@id\":\"https:\\\/\\\/arturosport.com\\\/#\\\/schema\\\/logo\\\/image\\\/\",\"url\":\"https:\\\/\\\/arturosport.com\\\/wp-content\\\/uploads\\\/2024\\\/08\\\/cropped-cropped-favicon.png\",\"contentUrl\":\"https:\\\/\\\/arturosport.com\\\/wp-content\\\/uploads\\\/2024\\\/08\\\/cropped-cropped-favicon.png\",\"width\":512,\"height\":512,\"caption\":\"Arturo\u00b4s Sport Fishing & Tours\"},\"image\":{\"@id\":\"https:\\\/\\\/arturosport.com\\\/#\\\/schema\\\/logo\\\/image\\\/\"},\"sameAs\":[\"https:\\\/\\\/www.facebook.com\\\/loretanobcs\",\"https:\\\/\\\/www.instagram.com\\\/visitaloretobcs\\\/\"]}]}<\/script>\n<!-- \/ Yoast SEO plugin. -->","yoast_head_json":{"title":"Pol\u00ed\u00adticas de Privacidad - Arturo\u00b4s Sport Fishing &amp; Tours","description":"PESCA DEPORTIVA \u2013 BALLENA AZUL \u2013 BALLENA GRIS \u2013 PASEOS A LAS ISLAS \u2013 LANCHA FONDO DE CRISTAL \u2013 PASEO EN BICICLETA \u2013 CLUB DE PLAYA - SPORT FISHING \u2013 BLUE WHALE \u2013 GRAY WHALE \u2013 TRIPS TO THE ISLANDS \u2013 GLASS BOTTOM BOAT \u2013 BIKE RIDE \u2013 BEACH CLUB","robots":{"index":"index","follow":"follow","max-snippet":"max-snippet:-1","max-image-preview":"max-image-preview:large","max-video-preview":"max-video-preview:-1"},"canonical":"https:\/\/arturosport.com\/en\/politicas-de-privacidad\/","og_locale":"en_US","og_type":"article","og_title":"Pol\u00ed\u00adticas de Privacidad - Arturo\u00b4s Sport Fishing &amp; Tours","og_description":"PESCA DEPORTIVA \u2013 BALLENA AZUL \u2013 BALLENA GRIS \u2013 PASEOS A LAS ISLAS \u2013 LANCHA FONDO DE CRISTAL \u2013 PASEO EN BICICLETA \u2013 CLUB DE PLAYA - SPORT FISHING \u2013 BLUE WHALE \u2013 GRAY WHALE \u2013 TRIPS TO THE ISLANDS \u2013 GLASS BOTTOM BOAT \u2013 BIKE RIDE \u2013 BEACH CLUB","og_url":"https:\/\/arturosport.com\/en\/politicas-de-privacidad\/","og_site_name":"Arturo\u00b4s Sport Fishing &amp; Tours","article_publisher":"https:\/\/www.facebook.com\/loretanobcs","article_modified_time":"2024-08-07T17:59:29+00:00","og_image":[{"url":"https:\/\/oficinavirtualbcs.com\/2020\/uploads\/descarga.png","type":"","width":"","height":""}],"twitter_card":"summary_large_image","twitter_misc":{"Est. reading time":"3 minutes"},"schema":{"@context":"https:\/\/schema.org","@graph":[{"@type":"WebPage","@id":"https:\/\/arturosport.com\/politicas-de-privacidad\/","url":"https:\/\/arturosport.com\/politicas-de-privacidad\/","name":"Pol\u00ed\u00adticas de Privacidad - Arturo\u00b4s Sport Fishing &amp; Tours","isPartOf":{"@id":"https:\/\/arturosport.com\/#website"},"primaryImageOfPage":{"@id":"https:\/\/arturosport.com\/politicas-de-privacidad\/#primaryimage"},"image":{"@id":"https:\/\/arturosport.com\/politicas-de-privacidad\/#primaryimage"},"thumbnailUrl":"https:\/\/oficinavirtualbcs.com\/2020\/uploads\/descarga.png","datePublished":"2024-08-07T17:57:35+00:00","dateModified":"2024-08-07T17:59:29+00:00","description":"PESCA DEPORTIVA \u2013 BALLENA AZUL \u2013 BALLENA GRIS \u2013 PASEOS A LAS ISLAS \u2013 LANCHA FONDO DE CRISTAL \u2013 PASEO EN BICICLETA \u2013 CLUB DE PLAYA - SPORT FISHING \u2013 BLUE WHALE \u2013 GRAY WHALE \u2013 TRIPS TO THE ISLANDS \u2013 GLASS BOTTOM BOAT \u2013 BIKE RIDE \u2013 BEACH CLUB","breadcrumb":{"@id":"https:\/\/arturosport.com\/politicas-de-privacidad\/#breadcrumb"},"inLanguage":"en-US","potentialAction":[{"@type":"ReadAction","target":["https:\/\/arturosport.com\/politicas-de-privacidad\/"]}]},{"@type":"ImageObject","inLanguage":"en-US","@id":"https:\/\/arturosport.com\/politicas-de-privacidad\/#primaryimage","url":"https:\/\/oficinavirtualbcs.com\/2020\/uploads\/descarga.png","contentUrl":"https:\/\/oficinavirtualbcs.com\/2020\/uploads\/descarga.png"},{"@type":"BreadcrumbList","@id":"https:\/\/arturosport.com\/politicas-de-privacidad\/#breadcrumb","itemListElement":[{"@type":"ListItem","position":1,"name":"Inicio","item":"https:\/\/arturosport.com\/"},{"@type":"ListItem","position":2,"name":"Pol\u00ed\u00adticas de Privacidad"}]},{"@type":"WebSite","@id":"https:\/\/arturosport.com\/#website","url":"https:\/\/arturosport.com\/","name":"Arturo\u00b4s Sport Fishing & Tours","description":"Sport Fishing, Tours for to Island, Wathching Whale, Loreto BCS","publisher":{"@id":"https:\/\/arturosport.com\/#organization"},"alternateName":"Arturo Sport Fishing","potentialAction":[{"@type":"SearchAction","target":{"@type":"EntryPoint","urlTemplate":"https:\/\/arturosport.com\/?s={search_term_string}"},"query-input":{"@type":"PropertyValueSpecification","valueRequired":true,"valueName":"search_term_string"}}],"inLanguage":"en-US"},{"@type":"Organization","@id":"https:\/\/arturosport.com\/#organization","name":"Arturo\u00b4s Sport Fishing & Tours","alternateName":"Arturo Sport Fishing Loreto","url":"https:\/\/arturosport.com\/","logo":{"@type":"ImageObject","inLanguage":"en-US","@id":"https:\/\/arturosport.com\/#\/schema\/logo\/image\/","url":"https:\/\/arturosport.com\/wp-content\/uploads\/2024\/08\/cropped-cropped-favicon.png","contentUrl":"https:\/\/arturosport.com\/wp-content\/uploads\/2024\/08\/cropped-cropped-favicon.png","width":512,"height":512,"caption":"Arturo\u00b4s Sport Fishing & Tours"},"image":{"@id":"https:\/\/arturosport.com\/#\/schema\/logo\/image\/"},"sameAs":["https:\/\/www.facebook.com\/loretanobcs","https:\/\/www.instagram.com\/visitaloretobcs\/"]}]}},"_links":{"self":[{"href":"https:\/\/arturosport.com\/en\/wp-json\/wp\/v2\/pages\/939","targetHints":{"allow":["GET"]}}],"collection":[{"href":"https:\/\/arturosport.com\/en\/wp-json\/wp\/v2\/pages"}],"about":[{"href":"https:\/\/arturosport.com\/en\/wp-json\/wp\/v2\/types\/page"}],"author":[{"embeddable":true,"href":"https:\/\/arturosport.com\/en\/wp-json\/wp\/v2\/users\/1"}],"replies":[{"embeddable":true,"href":"https:\/\/arturosport.com\/en\/wp-json\/wp\/v2\/comments?post=939"}],"version-history":[{"count":7,"href":"https:\/\/arturosport.com\/en\/wp-json\/wp\/v2\/pages\/939\/revisions"}],"predecessor-version":[{"id":946,"href":"https:\/\/arturosport.com\/en\/wp-json\/wp\/v2\/pages\/939\/revisions\/946"}],"wp:attachment":[{"href":"https:\/\/arturosport.com\/en\/wp-json\/wp\/v2\/media?parent=939"}],"curies":[{"name":"wp","href":"https:\/\/api.w.org\/{rel}","templated":true}]}}